{"id":3006,"date":"2023-10-27T15:06:00","date_gmt":"2023-10-27T15:06:00","guid":{"rendered":"https:\/\/maximilianacc.com\/?page_id=3006"},"modified":"2026-03-24T15:17:30","modified_gmt":"2026-03-24T15:17:30","slug":"biografia-2","status":"publish","type":"page","link":"https:\/\/maximilianacc.com\/index.php\/biografia-2\/","title":{"rendered":"BIOGRAFIA"},"content":{"rendered":"\n<p><em>Das Meer ist weit und wild. So wie sie und das Leben.<\/em><\/p>\n\n\n\n<p><\/p>\n\n\n\n<div class=\"wp-block-columns alignfull is-layout-flex wp-container-core-columns-is-layout-9d6595d7 wp-block-columns-is-layout-flex\">\n<div class=\"wp-block-column is-layout-flow wp-block-column-is-layout-flow\" style=\"flex-basis:50%\">\n<div class=\"wp-block-cover is-light\" style=\"min-height:600px;aspect-ratio:unset;\"><span aria-hidden=\"true\" class=\"wp-block-cover__background has-background-dim-100 has-background-dim\" style=\"background-color:#f6f6f6\"><\/span><div class=\"wp-block-cover__inner-container is-layout-flow wp-block-cover-is-layout-flow\"><div class=\"wp-block-image\">\n<figure class=\"aligncenter size-large is-resized\"><img loading=\"lazy\" decoding=\"async\" width=\"434\" height=\"1024\" src=\"http:\/\/maximilianacc.com\/wp-content\/uploads\/2023\/03\/me-a-Parigi-434x1024.jpeg\" alt=\"\" class=\"wp-image-2088\" style=\"aspect-ratio:0.423828125;width:208px;height:auto\" srcset=\"https:\/\/maximilianacc.com\/wp-content\/uploads\/2023\/03\/me-a-Parigi-434x1024.jpeg 434w, https:\/\/maximilianacc.com\/wp-content\/uploads\/2023\/03\/me-a-Parigi-127x300.jpeg 127w, https:\/\/maximilianacc.com\/wp-content\/uploads\/2023\/03\/me-a-Parigi.jpeg 542w\" sizes=\"auto, (max-width: 434px) 100vw, 434px\" \/><\/figure>\n<\/div><\/div><\/div>\n<\/div>\n\n\n\n<div class=\"wp-block-column is-vertically-aligned-center is-layout-flow wp-block-column-is-layout-flow\" style=\"padding-top:1em;padding-right:1em;padding-bottom:1em;padding-left:1em\">\n<p><\/p>\n\n\n\n<p>Geboren in der \u201cn\u00f6rdlichsten Stadt Italiens\u201d Regensburg, absolvierte sie das naturwissenschaftliche, mathematische Gymnasium in der N\u00e4he des Stadtparks. Als Abschlussarbeit entschied sie sich spontan f\u00fcr die Anfertigung eines Brautkleides. Denn die N\u00e4hkunst und Mode inspirierte sie seit eh und je. Im Anschluss folgte ein f\u00fcnf j\u00e4hriges Studium der Rechtswissenschaften an der Universit\u00e4t Regensburg. Viel Engagement und einen wesentlichen Teil ihrer Lebenszeit investierte sie in das Studium, getrieben von dem Gedanken, die Welt eines Tages gerechter gestalten zu k\u00f6nnen. Ihr Herz schlug jedoch schon immer sizilianisch. Es war ihre Heimat und immer wenn es die Gelegenheit bat, kehrte sie zur\u00fcck. Ihre zwei Gesichter- die Rechtswissenschaft, der Kampf um Gerechtigkeit &amp; ihr sizilianisches Herz, die Liebe zu der mystischen und von Natur und Kultur reich beschenkten Insel.&nbsp;<\/p>\n\n\n\n<p><\/p>\n\n\n\n<p><br><\/p>\n<\/div>\n<\/div>\n\n\n\n<div class=\"wp-block-group alignfull\"><div class=\"wp-block-group__inner-container is-layout-constrained wp-block-group-is-layout-constrained\">\n<div class=\"wp-block-columns are-vertically-aligned-center is-layout-flex wp-container-core-columns-is-layout-9d6595d7 wp-block-columns-is-layout-flex\">\n<div class=\"wp-block-column is-vertically-aligned-center is-layout-flow wp-block-column-is-layout-flow\">\n<div class=\"wp-block-columns is-layout-flex wp-container-core-columns-is-layout-9d6595d7 wp-block-columns-is-layout-flex\">\n<div class=\"wp-block-column is-layout-flow wp-block-column-is-layout-flow\" style=\"flex-basis:100%\">\n<div class=\"wp-block-cover is-light\" style=\"min-height:157px;aspect-ratio:unset;\"><video class=\"wp-block-cover__video-background intrinsic-ignore\" autoplay muted loop playsinline src=\"https:\/\/maximilianacc.com\/wp-content\/uploads\/2023\/10\/VIDEO-2023-10-26-15-41-33-1.mp4\" data-object-fit=\"cover\"><\/video><span aria-hidden=\"true\" class=\"wp-block-cover__background has-background-dim\"><\/span><div class=\"wp-block-cover__inner-container is-layout-flow wp-block-cover-is-layout-flow\">\n<p class=\"has-text-align-center has-large-font-size\"><\/p>\n<\/div><\/div>\n<\/div>\n<\/div>\n<\/div>\n<\/div>\n<\/div><\/div>\n\n\n\n<p>Nachdem sie ihren Traum Richterin zu werden aufgeben musste, versuchte sie sich gegen zahlreiche Ungerechtigkeiten in der deutschen Juristenausbildung zu wehren. &#8220;Bis zum Ende k\u00e4mpfen ist wichtig, doch zu wissen, wann man einen anderen Weg einschl\u00e4gt und auf seine Gesundheit achtet noch wichtiger.&#8221; So folgte sie ihrem Herzen, einem Leben in Sizilien. Ohne es zu erwarten fand sie ihre gro\u00dfe Liebe, Seelenverwandtschaft. Arbeitete in einem internationalen Unternehmen, war wieder gl\u00fccklich. Der dunkelste Tag in ihrem Leben war, als dann ihr geliebter Partner verungl\u00fcckte. Am Anfang wusste sie nicht, wie sie dieses enorme Leid jemals tragen konnte, weiterleben konnte. Doch sie lie\u00df sich nicht unterkriegen. \u201eDie Sonne\u201c, das Symbol, welches sie bereits als Kind zu ihrer Unterschrift hinzuf\u00fcgte, ihr Wesen charakterisierte, leitete sie.<\/p>\n\n\n\n<p>Heute schreibt sie B\u00fccher und w\u00fcnscht sich mit ihrem Herzensprojekt &#8220;Philosophischer Kodex&#8221; und ihren Romanen andere zu inspirieren niemals aufzugeben, in allem das Positive zu sehen und vor allem sich selbst und seinen Mitmenschen mit viel Liebe und Verst\u00e4ndnis gegen\u00fcber zu treten.<\/p>\n\n\n\n<p>&lt;&lt; Meine letzten zehn Lebensjahre, waren wie drei\u00dfig Jahre. Ich war schon immer ein Mensch der mein eigenes Verhalten und das anderer reflektierte. Heute sehe ich vieles noch einmal mit ganz anderen Augen. Ich bin gefallen, gestorben, wieder aufgestanden und habe Themen wie \u201cLiebe, Respekt und die Relativit\u00e4t des gesellschaftlichen Denkens\u201c neu durchdacht &gt;&gt;.<\/p>\n\n\n\n<p>\u00a0 \u00a0 \u00a0 \u00a0 \u00a0 \u00a0 \u00a0 \u00a0 \u00a0 \u00a0 \u00a0 \u00a0 \u00a0 \u00a0 \u00a0 \u00a0 \u00a0 \u00a0 MCC_vita_positiva<\/p>\n\n\n\n<div class=\"wp-block-columns is-layout-flex wp-container-core-columns-is-layout-9d6595d7 wp-block-columns-is-layout-flex\">\n<div class=\"wp-block-column is-layout-flow wp-block-column-is-layout-flow\">\n<h2 class=\"wp-block-heading\" style=\"font-size:38px;line-height:1.4\"><\/h2>\n<\/div>\n<\/div>\n\n\n\n<p><\/p>\n","protected":false},"excerpt":{"rendered":"<p>Das Meer ist weit und wild. So wie sie und das Leben. Geboren in der \u201cn\u00f6rdlichsten Stadt Italiens\u201d Regensburg, absolvierte<\/p>\n<p><a href=\"https:\/\/maximilianacc.com\/index.php\/biografia-2\/\" class=\"more-link\">Continue reading<span class=\"screen-reader-text\">BIOGRAFIA<\/span><\/a><\/p>\n","protected":false},"author":1,"featured_media":0,"parent":0,"menu_order":0,"comment_status":"closed","ping_status":"closed","template":"","meta":{"om_disable_all_campaigns":false,"_monsterinsights_skip_tracking":false,"_monsterinsights_sitenote_active":false,"_monsterinsights_sitenote_note":"","_monsterinsights_sitenote_category":0,"footnotes":""},"class_list":["post-3006","page","type-page","status-publish","hentry"],"_links":{"self":[{"href":"https:\/\/maximilianacc.com\/index.php\/wp-json\/wp\/v2\/pages\/3006","targetHints":{"allow":["GET"]}}],"collection":[{"href":"https:\/\/maximilianacc.com\/index.php\/wp-json\/wp\/v2\/pages"}],"about":[{"href":"https:\/\/maximilianacc.com\/index.php\/wp-json\/wp\/v2\/types\/page"}],"author":[{"embeddable":true,"href":"https:\/\/maximilianacc.com\/index.php\/wp-json\/wp\/v2\/users\/1"}],"replies":[{"embeddable":true,"href":"https:\/\/maximilianacc.com\/index.php\/wp-json\/wp\/v2\/comments?post=3006"}],"version-history":[{"count":34,"href":"https:\/\/maximilianacc.com\/index.php\/wp-json\/wp\/v2\/pages\/3006\/revisions"}],"predecessor-version":[{"id":3644,"href":"https:\/\/maximilianacc.com\/index.php\/wp-json\/wp\/v2\/pages\/3006\/revisions\/3644"}],"wp:attachment":[{"href":"https:\/\/maximilianacc.com\/index.php\/wp-json\/wp\/v2\/media?parent=3006"}],"curies":[{"name":"wp","href":"https:\/\/api.w.org\/{rel}","templated":true}]}}