{"id":3424,"date":"2024-08-22T12:33:17","date_gmt":"2024-08-22T12:33:17","guid":{"rendered":"https:\/\/maximilianacc.com\/?page_id=3424"},"modified":"2025-08-01T15:55:40","modified_gmt":"2025-08-01T15:55:40","slug":"impressum","status":"publish","type":"page","link":"https:\/\/maximilianacc.com\/index.php\/impressum\/","title":{"rendered":"Impressum"},"content":{"rendered":"<p>Impressum \/ Rechtliche Hinweise<\/p>\n<p>Pers\u00f6nliche Website von:<\/p>\n<p>Maximiliana CC\u00a0<\/p>\n<p>Autorin und Herausgeberin der Inhalte \u00a9<\/p>\n<p>\ud83d\udccd Standort: Italien<\/p>\n<p>\u2709\ufe0f Kontakt: email@maximilianacc.com<\/p>\n<p>Diese Website dient ausschlie\u00dflich kulturellen und k\u00fcnstlerischen Zwecken. Die Autorin pr\u00e4sentiert ihr literarisches Werk und teilt Informationen und Neuigkeiten zu ihren B\u00fcchern und ihrer Kunst.<\/p>\n<p>Eventuelle Links zu externen Shops (z. B. Amazon, IBS usw.) bedeuten nicht, dass die Autorin \u00fcber diese Website direkt verkauft.<\/p>\n<p><strong>Urheberrechte:<\/strong><\/p>\n<p>Alle Inhalte dieser Website sind urheberrechtlich gesch\u00fctzt und geh\u00f6ren der Autorin, sofern nicht anders angegeben. Die Vervielf\u00e4ltigung ohne schriftliche Genehmigung ist verboten.<\/p>\n<p><strong> Haftungsausschluss:<\/strong><\/p>\n<p>Der gesamte Webseiteninhalt ist nur f\u00fcr allgemeine, informative sowie unterhaltende Zwecke gedacht.<\/p>\n<p>Es wird keine Gew\u00e4hr f\u00fcr die Aktualit\u00e4t, Korrektheit, Vollst\u00e4ndigkeit oder Qualit\u00e4t der bereitgestellten Informationen \u00fcbernommen. Alle Inhalte sind freibleibend und unverbindlich, dar\u00fcber hinaus wird keine Haftung f\u00fcr den Inhalt von verlinkten Webseites \u00fcbernommen.<\/p>\n\n\n<p><br><br><\/p>\n\n\n\n<p><strong>Alternative Streitbeilegung:<\/strong><br>Die Europ\u00e4ische Kommission stellt eine Plattform f\u00fcr die au\u00dfergerichtliche Online-Streitbeilegung (OS-Plattform) bereit, aufrufbar unter&nbsp;<a href=\"https:\/\/ec.europa.eu\/consumers\/odr\" target=\"_blank\" rel=\"noreferrer noopener\">https:\/\/ec.europa.eu\/odr<\/a>.<\/p>\n\n\n\n<p><\/p>\n\n\n\n<p>letzte Aktualisierung: 01.08.2025<\/p>\n","protected":false},"excerpt":{"rendered":"<p>Impressum \/ Rechtliche Hinweise Pers\u00f6nliche Website von: Maximiliana CC\u00a0 Autorin und Herausgeberin der Inhalte \u00a9 \ud83d\udccd Standort: Italien \u2709\ufe0f Kontakt:<\/p>\n<p><a href=\"https:\/\/maximilianacc.com\/index.php\/impressum\/\" class=\"more-link\">Continue reading<span class=\"screen-reader-text\">Impressum<\/span><\/a><\/p>\n","protected":false},"author":1,"featured_media":0,"parent":0,"menu_order":0,"comment_status":"closed","ping_status":"closed","template":"","meta":{"om_disable_all_campaigns":false,"_monsterinsights_skip_tracking":false,"_monsterinsights_sitenote_active":false,"_monsterinsights_sitenote_note":"","_monsterinsights_sitenote_category":0,"footnotes":""},"class_list":["post-3424","page","type-page","status-publish","hentry"],"_links":{"self":[{"href":"https:\/\/maximilianacc.com\/index.php\/wp-json\/wp\/v2\/pages\/3424","targetHints":{"allow":["GET"]}}],"collection":[{"href":"https:\/\/maximilianacc.com\/index.php\/wp-json\/wp\/v2\/pages"}],"about":[{"href":"https:\/\/maximilianacc.com\/index.php\/wp-json\/wp\/v2\/types\/page"}],"author":[{"embeddable":true,"href":"https:\/\/maximilianacc.com\/index.php\/wp-json\/wp\/v2\/users\/1"}],"replies":[{"embeddable":true,"href":"https:\/\/maximilianacc.com\/index.php\/wp-json\/wp\/v2\/comments?post=3424"}],"version-history":[{"count":5,"href":"https:\/\/maximilianacc.com\/index.php\/wp-json\/wp\/v2\/pages\/3424\/revisions"}],"predecessor-version":[{"id":3580,"href":"https:\/\/maximilianacc.com\/index.php\/wp-json\/wp\/v2\/pages\/3424\/revisions\/3580"}],"wp:attachment":[{"href":"https:\/\/maximilianacc.com\/index.php\/wp-json\/wp\/v2\/media?parent=3424"}],"curies":[{"name":"wp","href":"https:\/\/api.w.org\/{rel}","templated":true}]}}