{"id":3431,"date":"2024-08-22T12:38:41","date_gmt":"2024-08-22T12:38:41","guid":{"rendered":"https:\/\/maximilianacc.com\/?page_id=3431"},"modified":"2025-08-01T15:53:49","modified_gmt":"2025-08-01T15:53:49","slug":"datenschutzerklarung","status":"publish","type":"page","link":"https:\/\/maximilianacc.com\/index.php\/datenschutzerklarung\/","title":{"rendered":"Datenschutz"},"content":{"rendered":"\n<p>Soweit nachstehend keine anderen Angaben gemacht werden, ist die Bereitstellung Ihrer personenbezogenen Daten weder gesetzlich oder vertraglich vorgeschrieben, noch f\u00fcr einen Vertragsabschluss erforderlich. Sie sind zur Bereitstellung der Daten nicht verpflichtet. Eine Nichtbereitstellung hat keine Folgen. Dies gilt nur soweit bei den nachfolgenden Verarbeitungsvorg\u00e4ngen keine anderweitige Angabe gemacht wird.<br>\u201ePersonenbezogene Daten\u201c sind alle Informationen, die sich auf eine identifizierte oder identifizierbare nat\u00fcrliche Person beziehen.<\/p>\n\n\n\n<p><\/p>\n\n\n\n<p>Beim Besuch meiner Website werden automatisch Informationen durch den Webserver bzw. den Hosting-Anbieter (z.\u202fB. IP-Adresse, Datum und Uhrzeit des Zugriffs, verwendeter Browser, Betriebssystem, aufgerufene Seiten) erfasst.<\/p>\n\n\n\n<p>Diese sogenannten Server-Logfiles dienen ausschlie\u00dflich der Gew\u00e4hrleistung eines sicheren und st\u00f6rungsfreien Betriebs sowie statistischen Auswertungen. Eine personenbezogene Auswertung oder Zusammenf\u00fchrung mit anderen Daten erfolgt nicht, au\u00dfer im Falle eines konkreten Verdachts einer rechtswidrigen Nutzung.<\/p>\n\n\n\n<p>Ansonsten sammelt die Website keine personenbezogenen Daten automatisch.<\/p>\n\n\n\n<p>Alle freiwillig bereitgestellten Daten (z. B. \u00fcber das Kontaktformular) werden gem\u00e4\u00df der Europ\u00e4ischen Verordnung 679\/2016 (DSGVO) verarbeitet.<\/p>\n\n\n\n<p id=\"block-0e634416-fdf0-43fb-ae70-2ae324e81c36\">letzte Aktualisierung: 01.08.2025<\/p>\n\n\n\n<p><\/p>\n","protected":false},"excerpt":{"rendered":"<p>Soweit nachstehend keine anderen Angaben gemacht werden, ist die Bereitstellung Ihrer personenbezogenen Daten weder gesetzlich oder vertraglich vorgeschrieben, noch f\u00fcr<\/p>\n<p><a href=\"https:\/\/maximilianacc.com\/index.php\/datenschutzerklarung\/\" class=\"more-link\">Continue reading<span class=\"screen-reader-text\">Datenschutz<\/span><\/a><\/p>\n","protected":false},"author":1,"featured_media":0,"parent":0,"menu_order":0,"comment_status":"closed","ping_status":"closed","template":"","meta":{"om_disable_all_campaigns":false,"_monsterinsights_skip_tracking":false,"_monsterinsights_sitenote_active":false,"_monsterinsights_sitenote_note":"","_monsterinsights_sitenote_category":0,"footnotes":""},"class_list":["post-3431","page","type-page","status-publish","hentry"],"_links":{"self":[{"href":"https:\/\/maximilianacc.com\/index.php\/wp-json\/wp\/v2\/pages\/3431","targetHints":{"allow":["GET"]}}],"collection":[{"href":"https:\/\/maximilianacc.com\/index.php\/wp-json\/wp\/v2\/pages"}],"about":[{"href":"https:\/\/maximilianacc.com\/index.php\/wp-json\/wp\/v2\/types\/page"}],"author":[{"embeddable":true,"href":"https:\/\/maximilianacc.com\/index.php\/wp-json\/wp\/v2\/users\/1"}],"replies":[{"embeddable":true,"href":"https:\/\/maximilianacc.com\/index.php\/wp-json\/wp\/v2\/comments?post=3431"}],"version-history":[{"count":5,"href":"https:\/\/maximilianacc.com\/index.php\/wp-json\/wp\/v2\/pages\/3431\/revisions"}],"predecessor-version":[{"id":3579,"href":"https:\/\/maximilianacc.com\/index.php\/wp-json\/wp\/v2\/pages\/3431\/revisions\/3579"}],"wp:attachment":[{"href":"https:\/\/maximilianacc.com\/index.php\/wp-json\/wp\/v2\/media?parent=3431"}],"curies":[{"name":"wp","href":"https:\/\/api.w.org\/{rel}","templated":true}]}}