{"id":3611,"date":"2025-08-13T12:40:01","date_gmt":"2025-08-13T12:40:01","guid":{"rendered":"https:\/\/maximilianacc.com\/?page_id=3611"},"modified":"2025-08-13T12:45:40","modified_gmt":"2025-08-13T12:45:40","slug":"werke-der-philosophie-2","status":"publish","type":"page","link":"https:\/\/maximilianacc.com\/index.php\/en-exclusivite-2\/werke-der-philosophie-2\/","title":{"rendered":"Werke der Philosophie"},"content":{"rendered":"\n<div class=\"wp-block-columns is-layout-flex wp-container-core-columns-is-layout-9d6595d7 wp-block-columns-is-layout-flex\">\n<div class=\"wp-block-column is-layout-flow wp-block-column-is-layout-flow\" style=\"flex-basis:10%\"><\/div>\n<\/div>\n\n\n\n<p><\/p>\n\n\n\n<p><\/p>\n\n\n\n<p><strong>Mit meiner Philosophie und meinen Gedanken<\/strong><br>die auf eigenen Erfahrungswerten basieren<br><strong>m\u00f6chte ich euch inspirieren, zum reflektieren anregen<\/strong><br>\u2026denn ein jeder der beginnt zu reflektieren, beginnt gl\u00fccklicher zu leben, versucht andere zu vertsehen und kreiert damit eine bessere Welt.<\/p>\n\n\n<div class=\"wp-block-image\">\n<figure class=\"alignright size-full is-resized\"><img loading=\"lazy\" decoding=\"async\" width=\"1007\" height=\"479\" src=\"https:\/\/maximilianacc.com\/wp-content\/uploads\/2024\/11\/image-1.png\" alt=\"\" class=\"wp-image-3475\" style=\"width:42px;height:auto\" srcset=\"https:\/\/maximilianacc.com\/wp-content\/uploads\/2024\/11\/image-1.png 1007w, https:\/\/maximilianacc.com\/wp-content\/uploads\/2024\/11\/image-1-300x143.png 300w, https:\/\/maximilianacc.com\/wp-content\/uploads\/2024\/11\/image-1-768x365.png 768w\" sizes=\"auto, (max-width: 1007px) 100vw, 1007px\" \/><\/figure>\n<\/div>\n\n\n<p><\/p>\n\n\n\n<p><\/p>\n\n\n\n<div class=\"wp-block-cover alignfull is-light\"><span aria-hidden=\"true\" class=\"wp-block-cover__background has-background-dim-100 has-background-dim\" style=\"background-color:#ffffff\"><\/span><div class=\"wp-block-cover__inner-container is-layout-flow wp-block-cover-is-layout-flow\">\n<div class=\"wp-block-columns are-vertically-aligned-center is-layout-flex wp-container-core-columns-is-layout-9d6595d7 wp-block-columns-is-layout-flex\">\n<div class=\"wp-block-column is-vertically-aligned-center is-layout-flow wp-block-column-is-layout-flow\">\n<figure class=\"wp-block-image size-large\"><img loading=\"lazy\" decoding=\"async\" width=\"1024\" height=\"998\" src=\"http:\/\/maximilianacc.com\/wp-content\/uploads\/2025\/06\/Immagine-WhatsApp-2025-04-22-ore-16.02.56_d560bc00-1024x998.jpg\" alt=\"\" class=\"wp-image-3545\"\/><\/figure>\n<\/div>\n\n\n\n<div class=\"wp-block-column is-vertically-aligned-center is-layout-flow wp-block-column-is-layout-flow\">\n<h2 class=\"wp-block-heading\">Philosophischer Kodex<\/h2>\n\n\n\n<p>Durch aufrichtige Reflexionen und Anregungen f\u00fcr pers\u00f6nliches Wachstum wirst du entdecken, wie du bewusstere Beziehungen pflegen kannst, die auf Kommunikation, Respekt und individueller Freiheit basieren. Eine Einladung, \u00fcber Illusionen hinauszuschauen, um die Sch\u00f6nheit der Liebe in all ihren Formen anzunehmen, auch in den unerwarteten. Ein Weg der Bewusstwerdung, der dich zu einem besseren Verst\u00e4ndnis deiner selbst und der Liebe, die du verdienst, f\u00fchren wird. \u201eReflexionen f\u00fcr alle, die sich ein positives Leben mit Gl\u00fcck und Liebe w\u00fcnschen. F\u00fcr alle, die Kraft und Zuversicht f\u00fcr schwierige Zeiten brauchen. &#8220;Niemals aufgeben.\u201c<\/p>\n\n\n\n<p><strong>in italienischer Sprache<\/strong><\/p>\n\n\n\n<div class=\"wp-block-buttons is-layout-flex wp-block-buttons-is-layout-flex\">\n<div class=\"wp-block-button is-style-fill\"><a class=\"wp-block-button__link wp-element-button\" href=\"https:\/\/www.lafeltrinelli.it\/codice-filosofico-libro-maximiliana-cc\/e\/9791222761626\">Mehr erfahren<\/a><\/div>\n\n\n\n<div class=\"wp-block-button is-style-fill\"><a class=\"wp-block-button__link wp-element-button\" href=\"https:\/\/amzn.eu\/d\/4YR00Pu\">Mehr erfahren<\/a><\/div>\n<\/div>\n<\/div>\n<\/div>\n\n\n\n<div class=\"wp-block-columns are-vertically-aligned-center is-layout-flex wp-container-core-columns-is-layout-9d6595d7 wp-block-columns-is-layout-flex\">\n<div class=\"wp-block-column is-vertically-aligned-center is-layout-flow wp-block-column-is-layout-flow\">\n<figure class=\"wp-block-image size-full is-resized\"><img loading=\"lazy\" decoding=\"async\" width=\"900\" height=\"900\" src=\"http:\/\/maximilianacc.com\/wp-content\/uploads\/2025\/06\/51SRsOZgRGL._SL1000_-e1754230506383.jpg\" alt=\"\" class=\"wp-image-3533\" style=\"width:273px;height:auto\"\/><\/figure>\n<\/div>\n\n\n\n<div class=\"wp-block-column is-vertically-aligned-center is-layout-flow wp-block-column-is-layout-flow\">\n<h2 class=\"wp-block-heading\">Philosophischer Kodex<\/h2>\n\n\n\n<p><strong>in deutscher Sprache<\/strong><\/p>\n\n\n\n<div class=\"wp-block-buttons is-layout-flex wp-block-buttons-is-layout-flex\">\n<div class=\"wp-block-button is-style-fill\"><a class=\"wp-block-button__link wp-element-button\" href=\"https:\/\/amzn.eu\/d\/dXOPt0a\">Mehr erfahren<\/a><\/div>\n<\/div>\n<\/div>\n<\/div>\n\n\n\n<div class=\"wp-block-columns are-vertically-aligned-center is-layout-flex wp-container-core-columns-is-layout-9d6595d7 wp-block-columns-is-layout-flex\">\n<div class=\"wp-block-column is-vertically-aligned-center is-layout-flow wp-block-column-is-layout-flow\">\n<figure class=\"wp-block-image size-full is-resized\"><img loading=\"lazy\" decoding=\"async\" width=\"1000\" height=\"1000\" src=\"http:\/\/maximilianacc.com\/wp-content\/uploads\/2025\/06\/Immagine-WhatsApp-2025-04-22-ore-16.02.56_63a34646-e1754230553217.jpg\" alt=\"\" class=\"wp-image-3531\" style=\"width:273px;height:auto\"\/><\/figure>\n<\/div>\n\n\n\n<div class=\"wp-block-column is-vertically-aligned-center is-layout-flow wp-block-column-is-layout-flow\">\n<h2 class=\"wp-block-heading\"><strong>Philosophischer Kodex<\/strong><\/h2>\n\n\n\n<p><strong>in englischer Sprache<\/strong><\/p>\n\n\n\n<div class=\"wp-block-buttons is-layout-flex wp-block-buttons-is-layout-flex\">\n<div class=\"wp-block-button is-style-fill\"><a class=\"wp-block-button__link wp-element-button\" href=\"https:\/\/amzn.eu\/d\/2iNBMy7\">Mehr erfahren<\/a><\/div>\n<\/div>\n<\/div>\n<\/div>\n\n\n\n<div class=\"wp-block-columns are-vertically-aligned-center is-layout-flex wp-container-core-columns-is-layout-9d6595d7 wp-block-columns-is-layout-flex\">\n<div class=\"wp-block-column is-vertically-aligned-center is-layout-flow wp-block-column-is-layout-flow\">\n<figure class=\"wp-block-image size-full is-resized\"><img loading=\"lazy\" decoding=\"async\" width=\"1000\" height=\"1000\" src=\"https:\/\/maximilianacc.com\/wp-content\/uploads\/2025\/06\/Immagine-WhatsApp-2025-04-22-ore-16.02.57_700fb9eb-e1754230583856.jpg\" alt=\"\" class=\"wp-image-3532\" style=\"width:273px;height:auto\"\/><\/figure>\n<\/div>\n\n\n\n<div class=\"wp-block-column is-vertically-aligned-center is-layout-flow wp-block-column-is-layout-flow\">\n<h2 class=\"wp-block-heading\">Philosophischer Kodex<\/h2>\n\n\n\n<p><strong>in franz\u00f6sischer Sprache<\/strong><\/p>\n\n\n\n<div class=\"wp-block-buttons is-layout-flex wp-block-buttons-is-layout-flex\">\n<div class=\"wp-block-button is-style-fill\"><a class=\"wp-block-button__link wp-element-button\" href=\"https:\/\/amzn.eu\/d\/icshm5k\">Mehr erfahren<\/a><\/div>\n<\/div>\n<\/div>\n<\/div>\n\n\n\n<div class=\"wp-block-group\"><div class=\"wp-block-group__inner-container is-layout-constrained wp-block-group-is-layout-constrained\">\n<div class=\"wp-block-columns is-layout-flex wp-container-core-columns-is-layout-9d6595d7 wp-block-columns-is-layout-flex\">\n<div class=\"wp-block-column is-layout-flow wp-block-column-is-layout-flow\"><\/div>\n\n\n\n<div class=\"wp-block-column is-layout-flow wp-block-column-is-layout-flow\"><\/div>\n<\/div>\n<\/div><\/div>\n<\/div><\/div>\n\n\n\n<p><\/p>\n","protected":false},"excerpt":{"rendered":"<p>Mit meiner Philosophie und meinen Gedankendie auf eigenen Erfahrungswerten basierenm\u00f6chte ich euch inspirieren, zum reflektieren anregen\u2026denn ein jeder der beginnt<\/p>\n<p><a href=\"https:\/\/maximilianacc.com\/index.php\/en-exclusivite-2\/werke-der-philosophie-2\/\" class=\"more-link\">Continue reading<span class=\"screen-reader-text\">Werke der Philosophie<\/span><\/a><\/p>\n","protected":false},"author":1,"featured_media":0,"parent":43,"menu_order":0,"comment_status":"closed","ping_status":"closed","template":"","meta":{"om_disable_all_campaigns":false,"_monsterinsights_skip_tracking":false,"_monsterinsights_sitenote_active":false,"_monsterinsights_sitenote_note":"","_monsterinsights_sitenote_category":0,"footnotes":""},"class_list":["post-3611","page","type-page","status-publish","hentry"],"_links":{"self":[{"href":"https:\/\/maximilianacc.com\/index.php\/wp-json\/wp\/v2\/pages\/3611","targetHints":{"allow":["GET"]}}],"collection":[{"href":"https:\/\/maximilianacc.com\/index.php\/wp-json\/wp\/v2\/pages"}],"about":[{"href":"https:\/\/maximilianacc.com\/index.php\/wp-json\/wp\/v2\/types\/page"}],"author":[{"embeddable":true,"href":"https:\/\/maximilianacc.com\/index.php\/wp-json\/wp\/v2\/users\/1"}],"replies":[{"embeddable":true,"href":"https:\/\/maximilianacc.com\/index.php\/wp-json\/wp\/v2\/comments?post=3611"}],"version-history":[{"count":6,"href":"https:\/\/maximilianacc.com\/index.php\/wp-json\/wp\/v2\/pages\/3611\/revisions"}],"predecessor-version":[{"id":3623,"href":"https:\/\/maximilianacc.com\/index.php\/wp-json\/wp\/v2\/pages\/3611\/revisions\/3623"}],"up":[{"embeddable":true,"href":"https:\/\/maximilianacc.com\/index.php\/wp-json\/wp\/v2\/pages\/43"}],"wp:attachment":[{"href":"https:\/\/maximilianacc.com\/index.php\/wp-json\/wp\/v2\/media?parent=3611"}],"curies":[{"name":"wp","href":"https:\/\/api.w.org\/{rel}","templated":true}]}}