{"id":43,"date":"2022-03-13T18:05:30","date_gmt":"2022-03-13T18:05:30","guid":{"rendered":"https:\/\/maximilianacc.com\/?page_id=43"},"modified":"2024-11-10T15:41:27","modified_gmt":"2024-11-10T15:41:27","slug":"en-exclusivite-2","status":"publish","type":"page","link":"https:\/\/maximilianacc.com\/index.php\/en-exclusivite-2\/","title":{"rendered":"EN EXCLUSIVIT\u00c9"},"content":{"rendered":"\n<div class=\"wp-block-group\"><div class=\"wp-block-group__inner-container is-layout-flow wp-block-group-is-layout-flow\"><\/div><\/div>\n\n\n\n<figure class=\"wp-block-image size-large\"><img loading=\"lazy\" decoding=\"async\" width=\"1024\" height=\"500\" src=\"https:\/\/maximilianacc.com\/wp-content\/uploads\/2022\/11\/IMG_2212-il-mio-profumo-1-1024x500.jpg\" alt=\"\" class=\"wp-image-1345\" srcset=\"https:\/\/maximilianacc.com\/wp-content\/uploads\/2022\/11\/IMG_2212-il-mio-profumo-1-1024x500.jpg 1024w, https:\/\/maximilianacc.com\/wp-content\/uploads\/2022\/11\/IMG_2212-il-mio-profumo-1-300x146.jpg 300w, https:\/\/maximilianacc.com\/wp-content\/uploads\/2022\/11\/IMG_2212-il-mio-profumo-1-768x375.jpg 768w, https:\/\/maximilianacc.com\/wp-content\/uploads\/2022\/11\/IMG_2212-il-mio-profumo-1-1536x750.jpg 1536w, https:\/\/maximilianacc.com\/wp-content\/uploads\/2022\/11\/IMG_2212-il-mio-profumo-1-2048x1000.jpg 2048w\" sizes=\"auto, (max-width: 1024px) 100vw, 1024px\" \/><\/figure>\n\n\n\n<blockquote class=\"wp-block-quote is-layout-flow wp-block-quote-is-layout-flow\">\n<p>F\u00fclle dein Herz mit meinem Roman.<\/p>\n\n\n\n<p>F\u00fclle dein Herz mit meinem Philosophie B\u00fcchlein.<\/p>\n<\/blockquote>\n\n\n\n<blockquote class=\"wp-block-quote is-layout-flow wp-block-quote-is-layout-flow\">\n<p><\/p>\n<\/blockquote>\n\n\n\n<p>.<\/p>\n\n\n\n<p><\/p>\n","protected":false},"excerpt":{"rendered":"<p>F\u00fclle dein Herz mit meinem Roman. F\u00fclle dein Herz mit meinem Philosophie B\u00fcchlein. .<\/p>\n","protected":false},"author":1,"featured_media":0,"parent":0,"menu_order":0,"comment_status":"closed","ping_status":"closed","template":"","meta":{"om_disable_all_campaigns":false,"_monsterinsights_skip_tracking":false,"_monsterinsights_sitenote_active":false,"_monsterinsights_sitenote_note":"","_monsterinsights_sitenote_category":0,"footnotes":""},"class_list":["post-43","page","type-page","status-publish","hentry"],"_links":{"self":[{"href":"https:\/\/maximilianacc.com\/index.php\/wp-json\/wp\/v2\/pages\/43","targetHints":{"allow":["GET"]}}],"collection":[{"href":"https:\/\/maximilianacc.com\/index.php\/wp-json\/wp\/v2\/pages"}],"about":[{"href":"https:\/\/maximilianacc.com\/index.php\/wp-json\/wp\/v2\/types\/page"}],"author":[{"embeddable":true,"href":"https:\/\/maximilianacc.com\/index.php\/wp-json\/wp\/v2\/users\/1"}],"replies":[{"embeddable":true,"href":"https:\/\/maximilianacc.com\/index.php\/wp-json\/wp\/v2\/comments?post=43"}],"version-history":[{"count":21,"href":"https:\/\/maximilianacc.com\/index.php\/wp-json\/wp\/v2\/pages\/43\/revisions"}],"predecessor-version":[{"id":3465,"href":"https:\/\/maximilianacc.com\/index.php\/wp-json\/wp\/v2\/pages\/43\/revisions\/3465"}],"wp:attachment":[{"href":"https:\/\/maximilianacc.com\/index.php\/wp-json\/wp\/v2\/media?parent=43"}],"curies":[{"name":"wp","href":"https:\/\/api.w.org\/{rel}","templated":true}]}}